{"id":1229,"date":"2024-01-16T23:46:30","date_gmt":"2024-01-16T23:46:30","guid":{"rendered":"https:\/\/themejunction.net\/wp\/beauly\/?page_id=1229"},"modified":"2025-06-25T14:56:02","modified_gmt":"2025-06-25T14:56:02","slug":"anasayfa","status":"publish","type":"page","link":"https:\/\/www.hititinsaat.com\/","title":{"rendered":"Anasayfa"},"content":{"rendered":"\t\t<div data-elementor-type=\"wp-page\" data-elementor-id=\"1229\" class=\"elementor elementor-1229\">\n\t\t\t\t<div class=\"elementor-element elementor-element-24cc89d e-con-full e-flex e-con e-parent\" data-id=\"24cc89d\" data-element_type=\"container\" data-e-type=\"container\">\n\t\t\t\t<div class=\"elementor-element elementor-element-b9e9502 elementor-widget elementor-widget-tj-hero-banner\" data-id=\"b9e9502\" data-element_type=\"widget\" data-e-type=\"widget\" data-widget_type=\"tj-hero-banner.default\">\n\t\t\t\t<div class=\"elementor-widget-container\">\n\t\t\t\t\t\n<div class=\"hero-section hero-3 banner-bg d-flex align-items-center justify-content-center\" data-background=\"http:\/\/www.hititinsaat.com\/wp-content\/uploads\/2025\/06\/web-banner-2.jpg\">\n  <div class=\"container\">\n    <div class=\"row\">\n      <div class=\"col-lg-12\">\n        <div class=\"hero-content\">\n\n          \n          <h1 data-wow-delay=\"0.5s\" class=\"hero-title wow fadeInUp\">Hitit\u2019le Do\u011faya Kom\u015fu Ol<\/h1>\n                      <a data-wow-delay=\"0.7s\" href=\"https:\/\/www.hititinsaat.com\/?page_id=539\" target=\"_self\" rel=\"nofollow\" class=\"tj-primary-btn wow fadeInUp\">\n              \u0130leti\u015fime Ge\u00e7\n                              <i aria-hidden=\"true\" class=\"fa-light fa-arrow-right-long fontawesome-light\"><\/i>                          <\/a>\n          \n        <\/div>\n      <\/div>\n    <\/div>\n  <\/div>\n  <div class=\"hero-sidebar\">\n    <ul class=\"hero-sidemenu-list\">\n\n                <li>\n            <i aria-hidden=\"true\" class=\"fas fa-phone fa-solid\"><\/i>                          <a href=\"tel:+0216 337 42 12\">0216 337 42 12<\/a>\n                      <\/li>\n                <li>\n            <i aria-hidden=\"true\" class=\"far fa-envelope fa-regular\"><\/i>                          <a href=\"mailto:info@hititinsaat.com\">info@hititinsaat.com<\/a>\n                      <\/li>\n      \n      <li>\n\n                  <ul class=\"hero-social-list\">\n                          <li>\n                                  <a href=https:\/\/www.facebook.com\/people\/Hitit-%C4%B0n%C5%9Faat\/61557708131486\/  >\n                    <i aria-hidden=\"true\" class=\"fab fa-facebook-f fa-brands\"><\/i>                  <\/a>\n                              <\/li>\n                          <li>\n                                  <a href=https:\/\/www.instagram.com\/hititinsaat_\/  >\n                    <i aria-hidden=\"true\" class=\"fab fa-instagram fa-brands\"><\/i>                  <\/a>\n                              <\/li>\n                          <li>\n                                  <a href=https:\/\/www.linkedin.com\/company\/hitit-insaat\/?originalSubdomain=tr  >\n                    <i aria-hidden=\"true\" class=\"fab fa-linkedin-in fa-brands\"><\/i>                  <\/a>\n                              <\/li>\n                      <\/ul>\n              <\/li>\n    <\/ul>\n  <\/div>\n  <\/d>\n\n\t\t\t\t<\/div>\n\t\t\t\t<\/div>\n\t\t\t\t<\/div>\n\t\t<div class=\"elementor-element elementor-element-0765855 e-flex e-con-boxed e-con e-parent\" data-id=\"0765855\" data-element_type=\"container\" data-e-type=\"container\" data-settings=\"{&quot;background_background&quot;:&quot;classic&quot;}\">\n\t\t\t\t\t<div class=\"e-con-inner\">\n\t\t<div class=\"elementor-element elementor-element-e8ba1b9 e-con-full e-flex e-con e-child\" data-id=\"e8ba1b9\" data-element_type=\"container\" data-e-type=\"container\">\n\t\t\t\t<div class=\"elementor-element elementor-element-ec55c60 tj_section_align elementor-align-left elementor-widget elementor-widget-tj-section-title\" data-id=\"ec55c60\" data-element_type=\"widget\" data-e-type=\"widget\" data-widget_type=\"tj-section-title.default\">\n\t\t\t\t<div class=\"elementor-widget-container\">\n\t\t\t\t\t\n<div class=\"section-heading\">\n\n      <h4 class=\"sub-heading wow fadeInLeft\" data-wow-delay=\"0.3s\">\n              <i aria-hidden=\"true\" class=\"flaticon-home\"><\/i>      \n      A\u011fva House Garden Ayr\u0131cal\u0131klar\u0131    <\/h4>\n  \n  <h2 class=\"section-title wow fadeInLeft\" data-wow-delay=\"0.5s\">Do\u011fan\u0131n Kalbinde Ayr\u0131cal\u0131kl\u0131 Ya\u015fam<\/h2>\n  \n      <a href=\"https:\/\/www.hititinsaat.com\/?apartments=agvahousegarden\" target=\"_blank\" rel=\"nofollow\" class=\"tj-primary-btn section_button wow fadeInLeft\" data-wow-delay=\"0.7s\">\n      Yerinde Ke\u015ffet \n              <i aria-hidden=\"true\" class=\"fa-light fa-arrow-right-long fontawesome-light\"><\/i>          <\/a>\n  <\/div>\n\n\t\t\t\t<\/div>\n\t\t\t\t<\/div>\n\t\t\t\t<\/div>\n\t\t<div class=\"elementor-element elementor-element-2ffd9c5 e-con-full e-flex e-con e-child\" data-id=\"2ffd9c5\" data-element_type=\"container\" data-e-type=\"container\">\n\t\t\t\t<div class=\"elementor-element elementor-element-50a5c72 tj_el_feature_box elementor-align-center elementor-widget elementor-widget-tj-feature-box\" data-id=\"50a5c72\" data-element_type=\"widget\" data-e-type=\"widget\" data-widget_type=\"tj-feature-box.default\">\n\t\t\t\t<div class=\"elementor-widget-container\">\n\t\t\t\t\t\n<div class=\"amenities-item wow fadeInUp\" data-wow-delay=\"0.3s\">\n\n            <div class=\"amenities-icon\">\n        <i aria-hidden=\"true\" class=\"tj flaticon-house\"><\/i>      <\/div>\n      \n      <h3 class=\"amenities-item-title\">\n\n      250 m\u00b2 \u00d6zel Bah\u00e7e    <\/h3>\n\n  \n      <p>Ailenizle \u00f6zg\u00fcrce nefes al\u0131n, sabah kahvenizi \u00e7imlerin \u00fcst\u00fcnde konforla yudumlay\u0131n.<\/p>\n  <\/div>\n\t\t\t\t<\/div>\n\t\t\t\t<\/div>\n\t\t\t\t<\/div>\n\t\t<div class=\"elementor-element elementor-element-fadb910 e-con-full e-flex e-con e-child\" data-id=\"fadb910\" data-element_type=\"container\" data-e-type=\"container\">\n\t\t\t\t<div class=\"elementor-element elementor-element-0c02f34 tj_el_feature_box elementor-align-center elementor-widget elementor-widget-tj-feature-box\" data-id=\"0c02f34\" data-element_type=\"widget\" data-e-type=\"widget\" data-widget_type=\"tj-feature-box.default\">\n\t\t\t\t<div class=\"elementor-widget-container\">\n\t\t\t\t\t\n<div class=\"amenities-item wow fadeInUp\" data-wow-delay=\"0.5s\">\n\n            <div class=\"amenities-icon\">\n        <i aria-hidden=\"true\" class=\"tj flaticon-location\"><\/i>      <\/div>\n      \n      <h3 class=\"amenities-item-title\">\n\n      Ula\u015f\u0131m Kolayl\u0131\u011f\u0131    <\/h3>\n\n  \n      <p>FSM ve YSS k\u00f6pr\u00fclerine 60 dk; \u0130stanbul\u2019a yak\u0131n, stresten uzak.<\/p>\n  <\/div>\n\t\t\t\t<\/div>\n\t\t\t\t<\/div>\n\t\t\t\t<\/div>\n\t\t<div class=\"elementor-element elementor-element-89d348f e-con-full e-flex e-con e-child\" data-id=\"89d348f\" data-element_type=\"container\" data-e-type=\"container\">\n\t\t\t\t<div class=\"elementor-element elementor-element-61bdafc tj_el_feature_box elementor-align-center elementor-widget elementor-widget-tj-feature-box\" data-id=\"61bdafc\" data-element_type=\"widget\" data-e-type=\"widget\" data-widget_type=\"tj-feature-box.default\">\n\t\t\t\t<div class=\"elementor-widget-container\">\n\t\t\t\t\t\n<div class=\"amenities-item wow fadeInUp\" data-wow-delay=\"0.3s\">\n\n            <div class=\"amenities-icon\">\n        <i aria-hidden=\"true\" class=\"tj flaticon-swimming-pool\"><\/i>      <\/div>\n      \n      <h3 class=\"amenities-item-title\">\n\n      Opsiyonel Havuz    <\/h3>\n\n  \n      <p>Bah\u00e7enizi serin bir vahaya d\u00f6n\u00fc\u015ft\u00fcren, iste\u011fe ba\u011fl\u0131 \u00f6zel y\u00fczme havuzu.<\/p>\n  <\/div>\n\t\t\t\t<\/div>\n\t\t\t\t<\/div>\n\t\t\t\t<\/div>\n\t\t<div class=\"elementor-element elementor-element-1626e7f e-con-full e-flex e-con e-child\" data-id=\"1626e7f\" data-element_type=\"container\" data-e-type=\"container\">\n\t\t\t\t<div class=\"elementor-element elementor-element-538df24 tj_el_feature_box elementor-align-center elementor-widget elementor-widget-tj-feature-box\" data-id=\"538df24\" data-element_type=\"widget\" data-e-type=\"widget\" data-widget_type=\"tj-feature-box.default\">\n\t\t\t\t<div class=\"elementor-widget-container\">\n\t\t\t\t\t\n<div class=\"amenities-item wow fadeInUp\" data-wow-delay=\"0.5s\">\n\n            <div class=\"amenities-icon\">\n        <i aria-hidden=\"true\" class=\"tj flaticon-home\"><\/i>      <\/div>\n      \n      <h3 class=\"amenities-item-title\">\n\n      Ferah Loft Tasar\u0131m    <\/h3>\n\n  \n      <p>Y\u00fcksek tavanl\u0131, a\u00e7\u0131k plan i\u00e7 mek\u00e2nla ailenizle ferahl\u0131\u011f\u0131 doyas\u0131ya ya\u015fay\u0131n.<\/p>\n  <\/div>\n\t\t\t\t<\/div>\n\t\t\t\t<\/div>\n\t\t\t\t<\/div>\n\t\t<div class=\"elementor-element elementor-element-cbf9611 e-con-full e-flex e-con e-child\" data-id=\"cbf9611\" data-element_type=\"container\" data-e-type=\"container\">\n\t\t\t\t<div class=\"elementor-element elementor-element-4a23f3a tj_el_feature_box elementor-align-center elementor-widget elementor-widget-tj-feature-box\" data-id=\"4a23f3a\" data-element_type=\"widget\" data-e-type=\"widget\" data-widget_type=\"tj-feature-box.default\">\n\t\t\t\t<div class=\"elementor-widget-container\">\n\t\t\t\t\t\n<div class=\"amenities-item wow fadeInUp\" data-wow-delay=\"0.7s\">\n\n            <div class=\"amenities-icon\">\n        <i aria-hidden=\"true\" class=\"tj flaticon-electric-car\"><\/i>      <\/div>\n      \n      <h3 class=\"amenities-item-title\">\n\n      7\/24 G\u00fcvenlik + Otopark    <\/h3>\n\n  \n      <p>Kapal\u0131 devre kamera ve \u00f6zel otopark alan\u0131yla i\u00e7iniz hep rahat.<\/p>\n  <\/div>\n\t\t\t\t<\/div>\n\t\t\t\t<\/div>\n\t\t\t\t<\/div>\n\t\t<div class=\"elementor-element elementor-element-2deb075 e-con-full e-flex e-con e-child\" data-id=\"2deb075\" data-element_type=\"container\" data-e-type=\"container\">\n\t\t\t\t<div class=\"elementor-element elementor-element-12ac9ae tj_el_feature_box elementor-align-center elementor-widget elementor-widget-tj-feature-box\" data-id=\"12ac9ae\" data-element_type=\"widget\" data-e-type=\"widget\" data-widget_type=\"tj-feature-box.default\">\n\t\t\t\t<div class=\"elementor-widget-container\">\n\t\t\t\t\t\n<div class=\"amenities-item wow fadeInUp\" data-wow-delay=\"0.9s\">\n\n            <div class=\"amenities-icon\">\n        <i aria-hidden=\"true\" class=\"tj flaticon-weight\"><\/i>      <\/div>\n      \n      <h3 class=\"amenities-item-title\">\n\n      Do\u011fa &amp; Aktivite Parkuru    <\/h3>\n\n  \n      <p>ATV, mantar y\u00fcr\u00fcy\u00fc\u015f\u00fc, dere safarisi aktiviteleri<\/p>\n  <\/div>\n\t\t\t\t<\/div>\n\t\t\t\t<\/div>\n\t\t\t\t<\/div>\n\t\t\t\t\t<\/div>\n\t\t\t\t<\/div>\n\t\t<div class=\"elementor-element elementor-element-7b7631b e-con-full e-flex e-con e-parent\" data-id=\"7b7631b\" data-element_type=\"container\" data-e-type=\"container\">\n\t\t\t\t<div class=\"elementor-element elementor-element-be61091 elementor-widget elementor-widget-tj-video\" data-id=\"be61091\" data-element_type=\"widget\" data-e-type=\"widget\" data-widget_type=\"tj-video.default\">\n\t\t\t\t<div class=\"elementor-widget-container\">\n\t\t\t\t\t\n\n<div class=\"cta-section video-bg\" data-background=\"http:\/\/www.hititinsaat.com\/wp-content\/uploads\/2025\/06\/Adsiz-tasarim-55.jpg\">\n  <div class=\"container\">\n    <div class=\"row\">\n      <div class=\"col-lg-12\">\n        <div class=\"cta-content text-center\">\n\n                      <div class=\"cta-btn wow fadeInUp\" data-wow-delay=\"0.3s\">\n              <a href=\"https:\/\/www.youtube.com\/watch?v=fOcYYvYrjug\" class=\"popup-video\">\n                <i aria-hidden=\"true\" class=\"tj flaticon-play tj-flaticons\"><\/i>              <\/a>\n            <\/div>\n          \n          <h3 data-wow-delay=\"0.5s\" class=\"cta-header wow fadeInUp\">Do\u011faya Ka\u00e7, Hayata Ba\u011flan.<\/h3>\n        <\/div>\n      <\/div>\n    <\/div>\n  <\/div>\n<\/div>\n\n\t\t\t\t<\/div>\n\t\t\t\t<\/div>\n\t\t\t\t<\/div>\n\t\t\t\t<\/div>\n\t\t","protected":false},"excerpt":{"rendered":"<p>Hitit\u2019le Do\u011faya Kom\u015fu Ol \u0130leti\u015fime Ge\u00e7 0216 337 42 12 info@hititinsaat.com A\u011fva House Garden Ayr\u0131cal\u0131klar\u0131 Do\u011fan\u0131n Kalbinde Ayr\u0131cal\u0131kl\u0131 Ya\u015fam Yerinde Ke\u015ffet 250 m\u00b2 \u00d6zel Bah\u00e7e Ailenizle \u00f6zg\u00fcrce nefes al\u0131n, sabah kahvenizi \u00e7imlerin \u00fcst\u00fcnde konforla yudumlay\u0131n. Ula\u015f\u0131m Kolayl\u0131\u011f\u0131 FSM ve YSS k\u00f6pr\u00fclerine 60 dk; \u0130stanbul\u2019a yak\u0131n, stresten uzak. Opsiyonel Havuz Bah\u00e7enizi serin bir vahaya d\u00f6n\u00fc\u015ft\u00fcren, iste\u011fe [&hellip;]<\/p>\n","protected":false},"author":1,"featured_media":0,"parent":0,"menu_order":0,"comment_status":"closed","ping_status":"closed","template":"elementor_header_footer","meta":{"_acf_changed":false,"_themeisle_gutenberg_block_has_review":false,"footnotes":""},"class_list":["post-1229","page","type-page","status-publish","hentry"],"acf":[],"_links":{"self":[{"href":"https:\/\/www.hititinsaat.com\/index.php?rest_route=\/wp\/v2\/pages\/1229","targetHints":{"allow":["GET"]}}],"collection":[{"href":"https:\/\/www.hititinsaat.com\/index.php?rest_route=\/wp\/v2\/pages"}],"about":[{"href":"https:\/\/www.hititinsaat.com\/index.php?rest_route=\/wp\/v2\/types\/page"}],"author":[{"embeddable":true,"href":"https:\/\/www.hititinsaat.com\/index.php?rest_route=\/wp\/v2\/users\/1"}],"replies":[{"embeddable":true,"href":"https:\/\/www.hititinsaat.com\/index.php?rest_route=%2Fwp%2Fv2%2Fcomments&post=1229"}],"version-history":[{"count":41,"href":"https:\/\/www.hititinsaat.com\/index.php?rest_route=\/wp\/v2\/pages\/1229\/revisions"}],"predecessor-version":[{"id":2331,"href":"https:\/\/www.hititinsaat.com\/index.php?rest_route=\/wp\/v2\/pages\/1229\/revisions\/2331"}],"wp:attachment":[{"href":"https:\/\/www.hititinsaat.com\/index.php?rest_route=%2Fwp%2Fv2%2Fmedia&parent=1229"}],"curies":[{"name":"wp","href":"https:\/\/api.w.org\/{rel}","templated":true}]}}